{"id":686,"date":"2024-02-27T07:37:43","date_gmt":"2024-02-27T07:37:43","guid":{"rendered":"https:\/\/sportano.sk\/blog\/?page_id=686"},"modified":"2025-04-02T11:12:08","modified_gmt":"2025-04-02T11:12:08","slug":"podmienky-pouzivania-sportano-sk-blog","status":"publish","type":"page","link":"https:\/\/sportano.sk\/blog\/podmienky-pouzivania-sportano-sk-blog\/","title":{"rendered":"PODMIENKY POU\u017d\u00cdVANIA SPORTANO.SK BLOG\u00a0"},"content":{"rendered":"\n<p class=\"has-text-align-center\"><strong>I.<\/strong><strong>\u202f\u202f\u202f\u202f\u202f\u202f\u202f\u202f\u202f\u202f<\/strong><strong> V\u0160EOBECN\u00c9 USTANOVENIA<\/strong>&nbsp;<\/p>\n\n\n\n<p>1. Pravidl\u00e1 a predpisy popisuj\u00fa z\u00e1sady poskytovania slu\u017eby Blog (\u010falej len &#8222;Blog&#8220;) v r\u00e1mci internetovej slu\u017eby dostupnej pod dom\u00e9nou www.sportano.sk (\u010falej len &#8222;Pravidl\u00e1 Blogu&#8220;) spolo\u010dnos\u0165ou SPORTANO.COM sp\u00f3\u0142ka z ograniczon\u0105 odpowiedzialno\u015bci\u0105 so s\u00eddlom v Zielona G\u00f3ra (ul. Wroc\u0142awska 17B\/15, 65-427 Zielona G\u00f3ra), zap\u00edsan\u00e1 v Registri podnikate\u013eov, ktor\u00fd vedie Okresn\u00fd s\u00fad v Zielona G\u00f3ra, 8. obchodn\u00e9 oddelenie &#8211; N\u00e1rodn\u00fd s\u00fadny register, pod \u010d\u00edslom KRS 0000896178, NIP 9731077223, REGON 388722422, BDO 000550240, z\u00e1kladn\u00fd kapit\u00e1l 25 325 950,00 PLN, webov\u00e1 adresa: www.sportano.sk, e-mailov\u00e1 adresa: kontakt@sportano.sk, telef\u00f3nne \u010d\u00edslo: +02 33\u202f221 479 (platba ako za \u0161tandardn\u00e9 pripojenie &#8211; pod\u013ea cenn\u00edka pr\u00edslu\u0161n\u00e9ho oper\u00e1tora) (\u010falej len &#8222;SPORTANO &#8222;).\u00a0\u00a0<\/p>\n\n\n\n<p><strong>[defin\u00edcia pred\u00e1vaj\u00faceho aktualizovan\u00e1 z d\u00f4vodu zmeny spolo\u010dnosti pred\u00e1vaj\u00faceho (n\u00e1zvu) a zmeny z\u00e1kladn\u00e9ho imania k 28.11.22].<\/strong>&nbsp;<\/p>\n\n\n\n<p>2. Pojmy s ve\u013ek\u00fdm za\u010diato\u010dn\u00fdm p\u00edsmenom, ktor\u00e9 nie s\u00fa definovan\u00e9 v Podmienkach pou\u017e\u00edvania blogu, maj\u00fa v\u00fdznam uveden\u00fd v podmienkach pou\u017e\u00edvania blogu, pokia\u013e nie je v podmienkach pou\u017e\u00edvania blogu uveden\u00e9 inak.&nbsp;&nbsp;<\/p>\n\n\n\n<p>3. Ka\u017ed\u00e1 fyzick\u00e1 alebo pr\u00e1vnick\u00e1 osoba, ktor\u00e1 pou\u017e\u00edva Blog (\u010falej len &#8222;Pou\u017e\u00edvate\u013e&#8220;), je povinn\u00e1 sa pred pou\u017eit\u00edm Blogu obozn\u00e1mi\u0165 s Prev\u00e1dzkov\u00fdm poriadkom Blogu.&nbsp;&nbsp;<\/p>\n\n\n\n<p>4. Pravidl\u00e1 Blogu s\u00fa bezplatne spr\u00edstupnen\u00e9 v elektronickej podobe v p\u00e4ti\u010dke na \u00favodnej str\u00e1nke webovej str\u00e1nky SPORTANO na adrese: https:\/\/sportano.sk\/blog\/podmienky\/ a v papierovej forme v s\u00eddle spolo\u010dnosti SPORTANO.&nbsp;&nbsp;<\/p>\n\n\n\n<p class=\"has-text-align-center\"><strong>II.<\/strong><strong>\u202f\u202f\u202f\u202f\u202f\u202f\u202f\u202f\u202f<\/strong><strong> SLU\u017dBA BLOGU<\/strong>&nbsp;<\/p>\n\n\n\n<p>1. Prostredn\u00edctvom slu\u017eby Blog bude spolo\u010dnos\u0165 SPORTANO poskytova\u0165 slu\u017ebu spr\u00edstup\u0148ovania obsahu s obmedzenou dobou platnosti alebo pou\u017eite\u013enosti, prezentovan\u00e9ho od najnov\u0161ieho z\u00e1znamu (naposledy uverejnen\u00e9ho) po najstar\u0161\u00ed z\u00e1znam, najm\u00e4 aktu\u00e1lneho charakteru. Spolo\u010dnos\u0165 SPORTANO m\u00e1 pr\u00e1vo kedyko\u013evek upravi\u0165 obsah zverejnen\u00fd v slu\u017ebe Blog, vr\u00e1tane zmien v\u0161etk\u00fdch alebo \u010dasti inform\u00e1ci\u00ed prezentovan\u00fdch v tejto slu\u017ebe, nahradenia stiahnut\u00fdch s\u00faborov a \u010diasto\u010dn\u00e9ho alebo \u00fapln\u00e9ho stiahnutia zverejnen\u00e9ho obsahu.&nbsp;&nbsp;<\/p>\n\n\n\n<p>2. K za\u010datiu pou\u017e\u00edvania Blogu (uzatvoreniu zmluvy o poskytovan\u00ed Blogu) doch\u00e1dza po spr\u00e1vnom spusten\u00ed slu\u017eby spo\u010d\u00edvaj\u00facom v zobrazen\u00ed spr\u00e1vnej url adresy &#8211; https:\/\/sportano.sk\/blog\/, a to najm\u00e4 zadan\u00edm nasledovnej adresy do adresn\u00e9ho riadku internetov\u00e9ho prehliada\u010da: https:\/\/sportano.sk\/blog\/.\u202fKa\u017ed\u00e9mu Pou\u017e\u00edvate\u013eovi sa po vstupe na webov\u00fa str\u00e1nku https:\/\/sportano.sk\/blog\/ zobraz\u00ed v spodnej \u010dasti obrazovky spr\u00e1va s inform\u00e1ciou o s\u00fahlase s Podmienkami pou\u017e\u00edvania Blogu a inform\u00e1ciou o spracovan\u00ed cookies.\u202fPou\u017e\u00edvanie Blogu je rovnocenn\u00e9 s prijat\u00edm Pravidiel Blogu.&nbsp;&nbsp;<\/p>\n\n\n\n<p>3. Blog sa poskytuje bezplatne na dobu neur\u010dit\u00fa.&nbsp;&nbsp;<\/p>\n\n\n\n<p>4. Pou\u017e\u00edvate\u013e je povinn\u00fd najm\u00e4:&nbsp;&nbsp;<\/p>\n\n\n\n<p>a) pou\u017e\u00edva\u0165 Blog sp\u00f4sobom, ktor\u00fd je v s\u00falade s ustanoveniami platn\u00fdch pr\u00e1vnych predpisov a ktor\u00fd neporu\u0161uje pr\u00e1va tret\u00edch os\u00f4b, v s\u00falade s ustanoveniami Prev\u00e1dzkov\u00e9ho poriadku slu\u017eby Blog, ako aj s prijat\u00fdmi zvyklos\u0165ami a pravidlami spolo\u010densk\u00e9ho spoluna\u017e\u00edvania v tejto oblasti;&nbsp;&nbsp;<\/p>\n\n\n\n<p>b) poskytova\u0165 spolo\u010dnosti SPORTANO len pravdiv\u00e9, aktu\u00e1lne a v\u0161etky potrebn\u00e9 \u00fadaje;&nbsp;&nbsp;<\/p>\n\n\n\n<p>c) bezodkladne aktualizova\u0165 \u00fadaje poskytnut\u00e9 spolo\u010dnosti SPORTANO v s\u00favislosti s uzatvoren\u00edm zmluvy o poskytovan\u00ed slu\u017eby Blog, ak je poskytnutie \u00fadajov nevyhnutn\u00e9 na vyu\u017e\u00edvanie slu\u017eby;&nbsp;&nbsp;<\/p>\n\n\n\n<p>d) neposkytova\u0165 ani nepren\u00e1\u0161a\u0165 v r\u00e1mci slu\u017eby Blog \u017eiadny obsah zak\u00e1zan\u00fd platn\u00fdmi pr\u00e1vnymi predpismi, najm\u00e4 obsah, ktor\u00fd poru\u0161uje autorsk\u00e9 pr\u00e1va tret\u00edch os\u00f4b alebo ich osobnostn\u00e9 pr\u00e1va.&nbsp;&nbsp;<\/p>\n\n\n\n<p>5. Pou\u017e\u00edvanie Blogu, vr\u00e1tane uzatvorenia zmluvy o poskytovan\u00ed slu\u017eby Blog, vy\u017eaduje, aby koncov\u00e9 zariadenie a IKT syst\u00e9m Pou\u017e\u00edvate\u013ea sp\u013a\u0148ali tieto minim\u00e1lne technick\u00e9 po\u017eiadavky, t. j.: ma\u0165 po\u010d\u00edta\u010d alebo in\u00e9 zariadenie pripojen\u00e9 k internetu s minim\u00e1lnym rozl\u00ed\u0161en\u00edm obrazovky 1280 x 720 pixelov, vybaven\u00e9 aspo\u0148 jedn\u00fdm z nasleduj\u00facich webov\u00fdch prehliada\u010dov: Chrome verzia 94 a vy\u0161\u0161ia, Internet Explorer verzia 11 a vy\u0161\u0161ia, Firefox verzia 93 a vy\u0161\u0161ia, Edge verzia 94 a vy\u0161\u0161ia, Safari verzia 14 a vy\u0161\u0161ia, Opera verzia 80 a vy\u0161\u0161ia, podporuj\u00faci Java Script a umo\u017e\u0148uj\u00faci ukladanie cookies.&nbsp;&nbsp;<\/p>\n\n\n\n<p>6. Pou\u017e\u00edvanie Blogu ako elektronickej slu\u017eby je spojen\u00e9 s typick\u00fdmi rizikami s\u00favisiacimi s prenosom \u00fadajov cez internet, ako je \u0161\u00edrenie \u00fadajov Pou\u017e\u00edvate\u013ea, pr\u00edstup k nim neopr\u00e1vnen\u00fdm osob\u00e1m alebo ich strata. Spolo\u010dnos\u0165 SPORTANO a Pou\u017e\u00edvatelia s\u00fa povinn\u00ed prija\u0165 opatrenia na minimaliz\u00e1ciu t\u00fdchto riz\u00edk.&nbsp;<\/p>\n\n\n\n<p class=\"has-text-align-center\"><strong>III.\u202f\u202f\u202f\u202f\u202f\u202f\u202f\u202f SPRAC\u00daVANIE OSOBN\u00ddCH \u00daDAJOV&nbsp;<\/strong><\/p>\n\n\n\n<p>1. Osobn\u00e9 \u00fadaje Pou\u017e\u00edvate\u013ea sprac\u00fava spolo\u010dnos\u0165 SPORTANO ako spr\u00e1vca osobn\u00fdch \u00fadajov. Poskytnutie osobn\u00fdch \u00fadajov Pou\u017e\u00edvate\u013eom je dobrovo\u013en\u00e9, ale nevyhnutn\u00e9 na pou\u017e\u00edvanie Blogu. Neposkytnutie po\u017eadovan\u00fdch osobn\u00fdch \u00fadajov potrebn\u00fdch pre dan\u00fd typ slu\u017eby na Blogu m\u00f4\u017ee ma\u0165 za n\u00e1sledok nemo\u017enos\u0165 vyu\u017e\u00edvania niektor\u00fdch slu\u017eieb pon\u00fakan\u00fdch spolo\u010dnos\u0165ou SPORTANO na Blogu.&nbsp;&nbsp;<\/p>\n\n\n\n<p>2. Podrobn\u00e9 inform\u00e1cie o ochrane osobn\u00fdch \u00fadajov s\u00fa uveden\u00e9 v <a href=\"https:\/\/sportano.sk\/politika-ochrany-osobnych-udajov-suborov-cookies\" target=\"_blank\" rel=\"noreferrer noopener\">Z\u00e1sady spracovania osobn\u00fdch \u00fadajov a s\u00faborov cookies<\/a><strong>.<\/strong>&nbsp;<\/p>\n\n\n\n<p class=\"has-text-align-center\"><strong>IV.<\/strong><strong>\u202f\u202f\u202f\u202f\u202f\u202f\u202f<\/strong><strong> <\/strong><strong>\u202f<\/strong><strong>DU\u0160EVN\u00c9 VLASTN\u00cdCTVO<\/strong>&nbsp;<\/p>\n\n\n\n<p>1. Pr\u00e1va na v\u0161etky prvky vr\u00e1tane diel v zmysle z\u00e1kona o autorskom pr\u00e1ve a pr\u00e1vach s\u00favisiacich s autorsk\u00fdm pr\u00e1vom zo 4. febru\u00e1ra 1994, ktor\u00e9 spr\u00edstup\u0148uje spolo\u010dnos\u0165 SPORTANO alebo jej partneri, najm\u00e4 autorsk\u00e9 pr\u00e1va, m\u00e1 spolo\u010dnos\u0165 SPORTANO alebo subjekty, s ktor\u00fdmi spolo\u010dnos\u0165 SPORTANO uzavrela pr\u00edslu\u0161n\u00e9 zmluvy.&nbsp;&nbsp;<\/p>\n\n\n\n<p>2. Pou\u017e\u00edvate\u013e je opr\u00e1vnen\u00fd bezplatne pou\u017e\u00edva\u0165 vy\u0161\u0161ie uveden\u00fd obsah v\u00fdlu\u010dne v r\u00e1mci svojho osobn\u00e9ho pou\u017eitia a v\u00fdlu\u010dne na \u00fa\u010dely riadneho pou\u017e\u00edvania Blogu, a to bez \u00fazemn\u00e9ho obmedzenia. Pou\u017eitie vy\u0161\u0161ie uveden\u00e9ho obsahu v inom rozsahu je povolen\u00e9 len na z\u00e1klade v\u00fdslovn\u00e9ho predch\u00e1dzaj\u00faceho s\u00fahlasu udelen\u00e9ho opr\u00e1vnen\u00fdm subjektom, a to p\u00edsomne pod hrozbou neplatnosti.&nbsp;&nbsp;<\/p>\n\n\n\n<p class=\"has-text-align-center\"><strong>V.<\/strong><strong>\u202f\u202f\u202f\u202f\u202f\u202f\u202f\u202f\u202f<\/strong><strong> REKLAM\u00c1CIE<\/strong>&nbsp;<\/p>\n\n\n\n<p>1. Pou\u017e\u00edvate\u013e m\u00f4\u017ee formou reklam\u00e1cie nahl\u00e1si\u0165 nezrovnalosti t\u00fdkaj\u00face sa slu\u017eby Blog. Reklam\u00e1cie je mo\u017en\u00e9 poda\u0165 napr\u00edklad prostredn\u00edctvom e-mailu na t\u00fato e-mailov\u00fa adresu: kontakt@sportano.sk.&nbsp;&nbsp;<\/p>\n\n\n\n<p>2. Reklam\u00e1cie posudzuje spolo\u010dnos\u0165 SPORTANO bezodkladne, najnesk\u00f4r do 30 dn\u00ed od ich podania.&nbsp;&nbsp;<\/p>\n\n\n\n<p>3. V z\u00e1ujme ur\u00fdchlenia vybavenia reklam\u00e1cie sa odpor\u00fa\u010da uvies\u0165 meno a kontaktn\u00e9 \u00fadaje osoby, ktor\u00e1 s\u0165a\u017enos\u0165 pod\u00e1va, ako aj opis d\u00f4vodov, ktor\u00e9 reklam\u00e1ciu od\u00f4vod\u0148uj\u00fa.&nbsp;&nbsp;<\/p>\n\n\n\n<p>4. Spolo\u010dnos\u0165 SPORTANO ani jej zamestnanci, splnomocnen\u00ed z\u00e1stupcovia a advok\u00e1ti nezodpovedaj\u00fa pou\u017e\u00edvate\u013eovi, ktor\u00fd nie je spotrebite\u013eom, jeho subdod\u00e1vate\u013eom, zamestnancom, splnomocnen\u00fdm z\u00e1stupcom a\/alebo advok\u00e1tom za ak\u00fako\u013evek \u0161kodu vr\u00e1tane u\u0161l\u00e9ho zisku, pokia\u013e \u0161kodu nesp\u00f4sobili \u00famyselne. V\u017edy, ke\u010f sa preuk\u00e1\u017ee zodpovednos\u0165 spolo\u010dnosti SPORTANO, jej zamestnancov, opr\u00e1vnen\u00fdch z\u00e1stupcov a\/alebo splnomocnencov, je t\u00e1to zodpovednos\u0165 vo\u010di Nespotrebite\u013esk\u00e9mu u\u017e\u00edvate\u013eovi, bez oh\u013eadu na jej pr\u00e1vny z\u00e1klad, obmedzen\u00e1 &#8211; v r\u00e1mci jednej poh\u013ead\u00e1vky aj pre v\u0161etky poh\u013ead\u00e1vky spolu &#8211; na sumu 500 PLN.&nbsp;&nbsp;<\/p>\n\n\n\n<p class=\"has-text-align-center\"><strong>VI.<\/strong><strong>\u202f\u202f\u202f\u202f\u202f\u202f\u202f<\/strong><strong> UKON\u010cENIE ZMLUVY A ZMENA A DOPLNENIE PRAVIDIEL BLOGU<\/strong>&nbsp;<\/p>\n\n\n\n<p>1. Pou\u017e\u00edvate\u013e m\u00e1 mo\u017enos\u0165 kedyko\u013evek a bez udania d\u00f4vodu odst\u00fapi\u0165 od pou\u017e\u00edvania Blogu (ukon\u010denie zmluvy o poskytovan\u00ed slu\u017eieb Blogu), a to najm\u00e4 zatvoren\u00edm webovej str\u00e1nky SPORTANO, na ktorej je zverejnen\u00fd \u010dl\u00e1nok na Blogu.&nbsp;&nbsp;&nbsp;<\/p>\n\n\n\n<p>2. Spolo\u010dnos\u0165 SPORTANO m\u00f4\u017ee kedyko\u013evek vypoveda\u0165 zmluvu o poskytovan\u00ed slu\u017eieb Blogu so 14-d\u0148ovou v\u00fdpovednou lehotou z t\u00fdchto z\u00e1va\u017en\u00fdch d\u00f4vodov:&nbsp;&nbsp;<\/p>\n\n\n\n<p>a) zmena pr\u00e1vnych predpisov upravuj\u00facich poskytovanie slu\u017eieb elektronickou formou spolo\u010dnos\u0165ou SPORTANO, ktor\u00e1 m\u00e1 vplyv na vz\u00e1jomn\u00e9 pr\u00e1va a povinnosti uveden\u00e9 v zmluve o poskytovan\u00ed slu\u017eby Blog, alebo zmena v\u00fdkladu uveden\u00fdch pr\u00e1vnych predpisov v d\u00f4sledku s\u00fadnych rozhodnut\u00ed, rozhodnut\u00ed, odpor\u00fa\u010dan\u00ed alebo odpor\u00fa\u010dan\u00ed org\u00e1nov alebo in\u0161tit\u00faci\u00ed pr\u00edslu\u0161n\u00fdch v danej oblasti;&nbsp;&nbsp;<\/p>\n\n\n\n<p>b) zmena sp\u00f4sobu poskytovania slu\u017eieb z technick\u00fdch alebo technologick\u00fdch d\u00f4vodov, napr. aktualiz\u00e1cia technick\u00fdch po\u017eiadaviek uveden\u00fdch v Pravidl\u00e1ch Blogu;&nbsp;&nbsp;<\/p>\n\n\n\n<p>c) zmena rozsahu alebo poskytovania slu\u017eieb, na ktor\u00e9 sa vz\u0165ahuje Blogov\u00fd poriadok, a to zaveden\u00edm nov\u00fdch, \u00fapravou alebo zru\u0161en\u00edm existuj\u00facich funkcional\u00edt alebo slu\u017eieb, na ktor\u00e9 sa vz\u0165ahuje Blogov\u00fd poriadok, zo strany SPORTANO;&nbsp;&nbsp;<\/p>\n\n\n\n<p>d) zmena rozsahu alebo poskytovania slu\u017eieb subjektmi spolupracuj\u00facimi so spolo\u010dnos\u0165ou SPORTANO prostredn\u00edctvom zavedenia nov\u00fdch, \u00fapravy alebo zru\u0161enia existuj\u00facich funkcional\u00edt alebo slu\u017eieb zo strany t\u00fdchto subjektov, ktor\u00e1 m\u00e1 vplyv na vz\u00e1jomn\u00e9 pr\u00e1va a povinnosti medzi Pou\u017e\u00edvate\u013eom a spolo\u010dnos\u0165ou SPORTANO.&nbsp;&nbsp;<\/p>\n\n\n\n<p>3. SPORTANO svoje vyhl\u00e1senie v rozsahu uvedenom v odseku 2 zverej\u0148uje na webovej str\u00e1nke, pod ktorou je Blog spr\u00edstupnen\u00fd: https:\/\/sportano.sk\/blog\/.&nbsp;&nbsp;<\/p>\n\n\n\n<p>4. Spolo\u010dnos\u0165 SPORTANO m\u00f4\u017ee odoprie\u0165 Pou\u017e\u00edvate\u013eovi \u010fal\u0161ie pr\u00e1vo pou\u017e\u00edva\u0165 Blog, ako aj vypoveda\u0165 Pou\u017e\u00edvate\u013eovi zmluvu o poskytovan\u00ed Blogu so 7-d\u0148ovou v\u00fdpovednou lehotou v pr\u00edpade hrub\u00e9ho poru\u0161enia bodu II. ods. 4 p\u00edsm. a) Pravidiel pou\u017e\u00edvania Blogu zo strany Pou\u017e\u00edvate\u013ea.&nbsp;&nbsp;<\/p>\n\n\n\n<p>5. SPORTANO m\u00f4\u017ee zmeni\u0165 tento Prev\u00e1dzkov\u00fd poriadok Blogu zo z\u00e1va\u017en\u00fdch d\u00f4vodov, t. j. najm\u00e4 v pr\u00edpade, ak nastane aspo\u0148 jeden z d\u00f4vodov uveden\u00fdch v odseku 2 vy\u0161\u0161ie.&nbsp;&nbsp;<\/p>\n\n\n\n<p>6. V pr\u00edpade zmien a doplnen\u00ed tohto Blogov\u00e9ho poriadku SPORTANO spr\u00edstupn\u00ed konsolidovan\u00e9 znenie Blogov\u00e9ho poriadku jeho zverejnen\u00edm v r\u00e1mci webov\u00e9ho s\u00eddla SPORTANO dostupn\u00e9ho na dom\u00e9ne www.sportano.pl, ktor\u00e9 umo\u017en\u00ed pre\u010d\u00edta\u0165 si a ulo\u017ei\u0165 konsolidovan\u00e9 znenie Blogov\u00e9ho poriadku.&nbsp;&nbsp;<\/p>\n\n\n\n<p>7. Zmeny a doplnenia Blogov\u00e9ho poriadku nadob\u00fadaj\u00fa \u00fa\u010dinnos\u0165 uplynut\u00edm 14 dn\u00ed odo d\u0148a zverejnenia inform\u00e1cie o zmene a doplnen\u00ed. U\u017e\u00edvate\u013e m\u00e1 pr\u00e1vo vypoveda\u0165 zmluvu o poskytovan\u00ed Blogu do 14 dn\u00ed odo d\u0148a ozn\u00e1menia zmeny Pravidiel Blogu.&nbsp;&nbsp;<\/p>\n\n\n\n<p class=\"has-text-align-center\"><strong>VII.<\/strong><strong>\u202f\u202f\u202f\u202f\u202f\u202f<\/strong><strong> Z\u00c1VERE\u010cN\u00c9 USTANOVENIA<\/strong>&nbsp;<\/p>\n\n\n\n<p>1. Podmienky pre blogy s\u00fa \u00fa\u010dinn\u00e9 od 10.05.2022.&nbsp;&nbsp;<\/p>\n\n\n\n<p>2. Zmluva o poskytovan\u00ed Blogu sa uzatv\u00e1ra v slovenskom jazyku.&nbsp;&nbsp;<\/p>\n\n\n\n<p>3. Evidencia, zabezpe\u010denie a spr\u00edstupnenie podstatn\u00fdch ustanoven\u00ed uzatvorenej zmluvy o poskytovan\u00ed Blogu sa uskuto\u010d\u0148uje spr\u00edstupnen\u00edm Pravidiel Blogu v p\u00e4ti\u010dke na webe na adrese: <a href=\"https:\/\/sportano.sk\/blog\/podmienky-pouzivania-sportano-sk-blog\/\" target=\"_blank\" rel=\"noreferrer noopener\">https:\/\/sportano.sk\/blog\/podmienky\/ <\/a>sp\u00f4sobom umo\u017e\u0148uj\u00facim jeho stiahnutie, rozmno\u017eenie a ulo\u017eenie na zariaden\u00ed Pou\u017e\u00edvate\u013ea.&nbsp;&nbsp;<\/p>\n\n\n\n<p>4. Vo veciach, ktor\u00e9 nie s\u00fa upraven\u00e9 v Pravidl\u00e1ch Blogu, sa uplat\u0148uj\u00fa v\u0161eobecne z\u00e1v\u00e4zn\u00e9 ustanovenia po\u013esk\u00e9ho pr\u00e1va.&nbsp;<\/p>\n","protected":false},"excerpt":{"rendered":"<p>I.\u202f\u202f\u202f\u202f\u202f\u202f\u202f\u202f\u202f\u202f V\u0160EOBECN\u00c9 USTANOVENIA&nbsp; 1. Pravidl\u00e1 a predpisy popisuj\u00fa z\u00e1sady poskytovania slu\u017eby Blog (\u010falej len &#8222;Blog&#8220;) v r\u00e1mci internetovej slu\u017eby dostupnej pod dom\u00e9nou www.sportano.sk (\u010falej len &#8222;Pravidl\u00e1 Blogu&#8220;) spolo\u010dnos\u0165ou SPORTANO.COM sp\u00f3\u0142ka z ograniczon\u0105 odpowiedzialno\u015bci\u0105 so s\u00eddlom v Zielona G\u00f3ra (ul. Wroc\u0142awska 17B\/15, 65-427 Zielona G\u00f3ra), zap\u00edsan\u00e1 v Registri podnikate\u013eov, ktor\u00fd vedie Okresn\u00fd s\u00fad v Zielona G\u00f3ra, [&hellip;]<\/p>\n","protected":false},"author":7,"featured_media":0,"parent":0,"menu_order":0,"comment_status":"closed","ping_status":"closed","template":"","meta":{"_acf_changed":false,"footnotes":""},"class_list":["post-686","page","type-page","status-publish","hentry"],"acf":[],"yoast_head":"<!-- This site is optimized with the Yoast SEO plugin v27.1.1 - https:\/\/yoast.com\/product\/yoast-seo-wordpress\/ -->\n<title>PODMIENKY POU\u017d\u00cdVANIA SPORTANO.SK BLOG\u00a0 - sportano.sk<\/title>\n<meta name=\"robots\" content=\"index, follow, max-snippet:-1, max-image-preview:large, max-video-preview:-1\" \/>\n<link rel=\"canonical\" href=\"https:\/\/sportano.sk\/blog\/podmienky-pouzivania-sportano-sk-blog\/\" \/>\n<meta property=\"og:locale\" content=\"sk_SK\" \/>\n<meta property=\"og:type\" content=\"article\" \/>\n<meta property=\"og:title\" content=\"PODMIENKY POU\u017d\u00cdVANIA SPORTANO.SK BLOG\u00a0 - sportano.sk\" \/>\n<meta property=\"og:description\" content=\"I.\u202f\u202f\u202f\u202f\u202f\u202f\u202f\u202f\u202f\u202f V\u0160EOBECN\u00c9 USTANOVENIA&nbsp; 1. Pravidl\u00e1 a predpisy popisuj\u00fa z\u00e1sady poskytovania slu\u017eby Blog (\u010falej len &#8222;Blog&#8220;) v r\u00e1mci internetovej slu\u017eby dostupnej pod dom\u00e9nou www.sportano.sk (\u010falej len &#8222;Pravidl\u00e1 Blogu&#8220;) spolo\u010dnos\u0165ou SPORTANO.COM sp\u00f3\u0142ka z ograniczon\u0105 odpowiedzialno\u015bci\u0105 so s\u00eddlom v Zielona G\u00f3ra (ul. Wroc\u0142awska 17B\/15, 65-427 Zielona G\u00f3ra), zap\u00edsan\u00e1 v Registri podnikate\u013eov, ktor\u00fd vedie Okresn\u00fd s\u00fad v Zielona G\u00f3ra, [&hellip;]\" \/>\n<meta property=\"og:url\" content=\"https:\/\/sportano.sk\/blog\/podmienky-pouzivania-sportano-sk-blog\/\" \/>\n<meta property=\"og:site_name\" content=\"sportano.sk\" \/>\n<meta property=\"article:modified_time\" content=\"2025-04-02T11:12:08+00:00\" \/>\n<meta name=\"twitter:card\" content=\"summary_large_image\" \/>\n<meta name=\"twitter:label1\" content=\"Predpokladan\u00fd \u010das \u010d\u00edtania\" \/>\n\t<meta name=\"twitter:data1\" content=\"8 min\u00fat\" \/>\n<!-- \/ Yoast SEO plugin. -->","yoast_head_json":{"title":"PODMIENKY POU\u017d\u00cdVANIA SPORTANO.SK BLOG\u00a0 - sportano.sk","robots":{"index":"index","follow":"follow","max-snippet":"max-snippet:-1","max-image-preview":"max-image-preview:large","max-video-preview":"max-video-preview:-1"},"canonical":"https:\/\/sportano.sk\/blog\/podmienky-pouzivania-sportano-sk-blog\/","og_locale":"sk_SK","og_type":"article","og_title":"PODMIENKY POU\u017d\u00cdVANIA SPORTANO.SK BLOG\u00a0 - sportano.sk","og_description":"I.\u202f\u202f\u202f\u202f\u202f\u202f\u202f\u202f\u202f\u202f V\u0160EOBECN\u00c9 USTANOVENIA&nbsp; 1. Pravidl\u00e1 a predpisy popisuj\u00fa z\u00e1sady poskytovania slu\u017eby Blog (\u010falej len &#8222;Blog&#8220;) v r\u00e1mci internetovej slu\u017eby dostupnej pod dom\u00e9nou www.sportano.sk (\u010falej len &#8222;Pravidl\u00e1 Blogu&#8220;) spolo\u010dnos\u0165ou SPORTANO.COM sp\u00f3\u0142ka z ograniczon\u0105 odpowiedzialno\u015bci\u0105 so s\u00eddlom v Zielona G\u00f3ra (ul. Wroc\u0142awska 17B\/15, 65-427 Zielona G\u00f3ra), zap\u00edsan\u00e1 v Registri podnikate\u013eov, ktor\u00fd vedie Okresn\u00fd s\u00fad v Zielona G\u00f3ra, [&hellip;]","og_url":"https:\/\/sportano.sk\/blog\/podmienky-pouzivania-sportano-sk-blog\/","og_site_name":"sportano.sk","article_modified_time":"2025-04-02T11:12:08+00:00","twitter_card":"summary_large_image","twitter_misc":{"Predpokladan\u00fd \u010das \u010d\u00edtania":"8 min\u00fat"},"schema":{"@context":"https:\/\/schema.org","@graph":[{"@type":"WebPage","@id":"https:\/\/sportano.sk\/blog\/podmienky-pouzivania-sportano-sk-blog\/","url":"https:\/\/sportano.sk\/blog\/podmienky-pouzivania-sportano-sk-blog\/","name":"PODMIENKY POU\u017d\u00cdVANIA SPORTANO.SK BLOG\u00a0 - sportano.sk","isPartOf":{"@id":"https:\/\/sportano.sk\/blog\/#website"},"datePublished":"2024-02-27T07:37:43+00:00","dateModified":"2025-04-02T11:12:08+00:00","breadcrumb":{"@id":"https:\/\/sportano.sk\/blog\/podmienky-pouzivania-sportano-sk-blog\/#breadcrumb"},"inLanguage":"sk-SK","potentialAction":[{"@type":"ReadAction","target":["https:\/\/sportano.sk\/blog\/podmienky-pouzivania-sportano-sk-blog\/"]}]},{"@type":"BreadcrumbList","@id":"https:\/\/sportano.sk\/blog\/podmienky-pouzivania-sportano-sk-blog\/#breadcrumb","itemListElement":[{"@type":"ListItem","position":1,"name":"Home","item":"https:\/\/sportano.sk\/blog\/"},{"@type":"ListItem","position":2,"name":"PODMIENKY POU\u017d\u00cdVANIA SPORTANO.SK BLOG\u00a0"}]},{"@type":"WebSite","@id":"https:\/\/sportano.sk\/blog\/#website","url":"https:\/\/sportano.sk\/blog\/","name":"sportano.sk","description":"Spletna \u0161portna trgovina","potentialAction":[{"@type":"SearchAction","target":{"@type":"EntryPoint","urlTemplate":"https:\/\/sportano.sk\/blog\/?s={search_term_string}"},"query-input":{"@type":"PropertyValueSpecification","valueRequired":true,"valueName":"search_term_string"}}],"inLanguage":"sk-SK"}]}},"_links":{"self":[{"href":"https:\/\/sportano.sk\/blog\/wp-json\/wp\/v2\/pages\/686","targetHints":{"allow":["GET"]}}],"collection":[{"href":"https:\/\/sportano.sk\/blog\/wp-json\/wp\/v2\/pages"}],"about":[{"href":"https:\/\/sportano.sk\/blog\/wp-json\/wp\/v2\/types\/page"}],"author":[{"embeddable":true,"href":"https:\/\/sportano.sk\/blog\/wp-json\/wp\/v2\/users\/7"}],"replies":[{"embeddable":true,"href":"https:\/\/sportano.sk\/blog\/wp-json\/wp\/v2\/comments?post=686"}],"version-history":[{"count":6,"href":"https:\/\/sportano.sk\/blog\/wp-json\/wp\/v2\/pages\/686\/revisions"}],"predecessor-version":[{"id":1778,"href":"https:\/\/sportano.sk\/blog\/wp-json\/wp\/v2\/pages\/686\/revisions\/1778"}],"wp:attachment":[{"href":"https:\/\/sportano.sk\/blog\/wp-json\/wp\/v2\/media?parent=686"}],"curies":[{"name":"wp","href":"https:\/\/api.w.org\/{rel}","templated":true}]}}